{"id":325,"date":"2018-10-10T10:34:10","date_gmt":"2018-10-10T08:34:10","guid":{"rendered":"http:\/\/experiencesmenorca.com\/?page_id=325"},"modified":"2025-05-02T10:24:26","modified_gmt":"2025-05-02T08:24:26","slug":"politica-de-privacidad","status":"publish","type":"page","link":"https:\/\/experiencesmenorca.com\/en\/politica-de-privacidad\/","title":{"rendered":"Pol\u00edtica de Privacidad"},"content":{"rendered":"<p><\/p>\n<h2>POLITICA DE PRIVACIDAD \/\u00a0<a href=\"http:\/\/experiencesmenorca.es\/politica-de-privacidad\/\"><span style=\"color: #9a8f37;\">PRIVACY POLICY<\/span><\/a><\/h2>\n<p>En esta pol\u00edtica de privacidad establece la forma en que se van a gestionar los datos personales en esta web. Es imprescindible que la leas y aceptes antes de seguir navegando.<\/p>\n<p>http:\/\/experiencesmenorca.es es un proyecto de Cristina Trujillano Pons (en adelante EXPERIENCES MENORCA), cuyo NIF es: 41506807H.<\/p>\n<p>Entre los valores con los que nos identificamos est\u00e1 la transparencia, por eso deseamos que conozcas desde el inicio, que la privacidad de tus datos muy es importante para nosotros. En esta declaraci\u00f3n de privacidad se explica qu\u00e9 datos personales recopilamos de nuestros usuarios y c\u00f3mo los utilizamos. Te invitamos a leer detenidamente estos t\u00e9rminos antes de facilitar tus datos personales en esta web.<\/p>\n<p>Nunca solicitamos informaci\u00f3n personal a menos que realmente sea necesaria para prestarte los servicios que nos requieras.<\/p>\n<p>Nunca compartimos informaci\u00f3n personal de nuestros usuarios con nadie, excepto para cumplir con la ley o en caso que contemos con tu autorizaci\u00f3n expresa.<\/p>\n<p>Nunca utilizaremos tus datos personales con una finalidad diferente a la expresada en esta pol\u00edtica de privacidad.<\/p>\n<p>Tenemos que advertirte que esta Pol\u00edtica de Privacidad podr\u00eda variar en funci\u00f3n de exigencias legislativas o de autorregulaci\u00f3n, por lo que se aconseja a los usuarios que la visiten peri\u00f3dicamente y que ser\u00e1 aplicable en caso de que los usuarios decidan rellenar cualquiera de sus formularios de contacto donde se recaben datos de car\u00e1cter personal.<\/p>\n<p>EXPERIENCES MENORCA ha adecuado esta web a las exigencias de la Ley Org\u00e1nica 15\/1999, de 13 de diciembre, de Protecci\u00f3n de Datos de Car\u00e1cter Personal (LOPD), y al Real Decreto 1720\/2007, de 21 de diciembre, conocido como el Reglamento de desarrollo de la LOPD. Cumple tambi\u00e9n con el Reglamento (UE) 2016\/679 del Parlamento Europeo y del Consejo de 27 de abril de 2016 relativo a la protecci\u00f3n de las personas f\u00edsicas (RGPD), as\u00ed como con la Ley 34\/2002, de 11 de julio, de Servicios de la Sociedad de la Informaci\u00f3n y Comercio Electr\u00f3nico (LSSICE o LSSI).<\/p>\n<h4>Responsable del tratamiento de tus datos personales<\/h4>\n<p>Identidad del Responsable: Cristina Trujillano Pons<\/p>\n<p>Nombre comercial: EXPERIENCES MENORCA<\/p>\n<p>NIF\/CIF: 41506807H<\/p>\n<p>Direcci\u00f3n postal: Mari\u00e0 Cub\u00ed, 92 3\u00ba 3\u00aa \u2013 08021 Barcelona<\/p>\n<p>Correo electr\u00f3nico: cristina@experiencesmenorca.es<\/p>\n<p>Actividad: Mediador Tur\u00edstico<\/p>\n<p>A efectos de lo previsto en el Reglamento General de Protecci\u00f3n de Datos antes citado, los datos personales que nos env\u00edes a trav\u00e9s de los formularios de la web, recibir\u00e1n el tratamiento de datos de \u201cUsuarios de la web y suscriptores\u201d y son tratados con el fin de responder a las solicitudes que realices en la web, moderar los comentarios y enviarte informaci\u00f3n sobre los servicios que nos consultes.<\/p>\n<p>Para el tratamiento de los datos de nuestros usuarios, implementamos todas las medidas t\u00e9cnicas y organizativas de seguridad establecidas en la legislaci\u00f3n vigente.<\/p>\n<h4>Legitimaci\u00f3n para el tratamiento de tus datos<\/h4>\n<p>La base legal para el tratamiento de sus datos es: el consentimiento.<\/p>\n<h4>\u00bfCu\u00e1les son tus derechos cuando nos facilitas tus datos?<\/h4>\n<p>Cualquier persona tiene derecho a obtener confirmaci\u00f3n sobre si en EXPERIENCES MENORCA estamos tratando datos personales que le concierne, o no.<\/p>\n<ul>\n<li>Las personas interesadas tienen derecho a:<\/li>\n<li>Solicitar el acceso a los datos personales relativos al interesado<\/li>\n<li>Solicitar su rectificaci\u00f3n o supresi\u00f3n<\/li>\n<li>Solicitar la limitaci\u00f3n de su tratamiento<\/li>\n<li>Oponerse al tratamiento<\/li>\n<li>Solicitar la portabilidad de los datos<\/li>\n<\/ul>\n<p>Los interesados podr\u00e1n acceder a sus datos personales, as\u00ed como a solicitar la rectificaci\u00f3n de los datos inexactos o, en su caso, solicitar su supresi\u00f3n cuando, entre otros motivos, los datos ya no sean necesarios para los fines que fueron recogidos. En determinadas circunstancias, los interesados podr\u00e1n solicitar la limitaci\u00f3n del tratamiento de sus datos, en cuyo caso \u00fanicamente los conservaremos para el ejercicio o la defensa de reclamaciones.<\/p>\n<p>En determinadas circunstancias y por motivos relacionados con su situaci\u00f3n particular, los interesados podr\u00e1n oponerse al tratamiento de sus datos.<\/p>\n<p>EXPERIENCES MENORCA dejar\u00e1 de tratar los datos, salvo por motivos leg\u00edtimos imperiosos, o el ejercicio o la defensa de posibles reclamaciones. C\u00f3mo interesado, tienes derecho a recibir los datos personales que te incumban, que nos hayas facilitado y en un formato estructurado, de uso com\u00fan y lectura mec\u00e1nica, y a transmitirlos a otro responsable del tratamiento cuando:<\/p>\n<ul>\n<li>El tratamiento est\u00e9 basado en el consentimiento<\/li>\n<li>Los datos hayan sido facilitados por la persona interesada.<\/li>\n<li>El tratamiento se efect\u00fae por medios automatizados.<\/li>\n<li>Al ejercer tu derecho a la portabilidad de los datos, tendr\u00e1s derecho a que los datos personales se transmitan directamente de responsable a responsable cuando sea t\u00e9cnicamente posible.<\/li>\n<li>Los interesados tambi\u00e9n tendr\u00e1n derecho a la tutela judicial efectiva y a presentar una reclamaci\u00f3n ante la autoridad de control, en este caso, la Agencia Espa\u00f1ola de Protecci\u00f3n de Datos, si consideran que el tratamiento de datos personales que le conciernen infringe el Reglamento.<\/li>\n<\/ul>\n<h4>\u00bfPor cu\u00e1nto tiempo conservaremos tus datos?<\/h4>\n<p>Los datos personales proporcionados se conservar\u00e1n:<\/p>\n<ul>\n<li>Mientras se mantenga la relaci\u00f3n mercantil.<\/li>\n<li>Hasta que no se solicite su supresi\u00f3n por el interesado.<\/li>\n<\/ul>\n<h4>\u00bfA qu\u00e9 destinatarios se comunicar\u00e1n tus datos?<\/h4>\n<p>Muchas herramientas que utilizamos para gestionar tus datos son contratadas por terceros<\/p>\n<p>Para prestar servicios estrictamente necesarios para el desarrollo de la actividad, experiencesmenorca.es, comparte datos con los siguientes prestadores bajo sus correspondientes condiciones de privacidad:<\/p>\n<p><strong>Google Analytics:<\/strong> un servicio anal\u00edtico de web prestado por Google, Inc., una compa\u00f1\u00eda de Delaware cuya oficina principal est\u00e1 en 1600 Amphitheatre Parkway, Mountain View (California), CA 94043, Estados Unidos (\u201cGoogle\u201d). Google Analytics utiliza \u201ccookies\u201d, que son archivos de texto ubicados en tu ordenador, para ayudar a experiencesmenorca.es a analizar el uso que hacen los usuarios del sitio web. La informaci\u00f3n que genera la cookie acerca de su uso de experiencesmenorca.es (incluyendo tu direcci\u00f3n IP) ser\u00e1 directamente transmitida y archivada por Google en los servidores de Estados Unidos.<\/p>\n<h4>Contenido incrustado de otros sitios web<\/h4>\n<p>Los art\u00edculos de este sitio pueden incluir contenido incrustado (por ejemplo, v\u00eddeos, im\u00e1genes, art\u00edculos, etc.). El contenido incrustado de otras web se comporta exactamente de la misma manera que si el visitante hubiera visitado la otra web.<\/p>\n<p>Estas web pueden recopilar datos sobre ti, utilizar cookies, incrustar un seguimiento adicional de terceros, y supervisar tu interacci\u00f3n con ese contenido incrustado, incluido el seguimiento de tu interacci\u00f3n con el contenido incrustado si tienes una cuenta y est\u00e1s conectado a esa web.<\/p>\n<p><strong>Youtube<\/strong><\/p>\n<p>Nuestro sitio web utiliza complementos de YouTube, que es operado por Google. El operador de las p\u00e1ginas es YouTube LLC, 901 Cherry Ave., San Bruno, CA 94066, EE. UU.<\/p>\n<p>Si visita una de nuestras p\u00e1ginas con un complemento de YouTube, se establece una conexi\u00f3n con los servidores de YouTube. Aqu\u00ed el servidor de YouTube est\u00e1 informado sobre cu\u00e1l de nuestras p\u00e1ginas ha visitado.<\/p>\n<p>Si ha iniciado sesi\u00f3n en su cuenta de YouTube, YouTube le permite asociar su comportamiento de navegaci\u00f3n directamente con su perfil personal. Puede evitar esto cerrando la sesi\u00f3n de su cuenta de YouTube.<\/p>\n<p>YouTube se utiliza para ayudar a que nuestro sitio web sea atractivo. Esto constituye un inter\u00e9s justificado de conformidad con el art. 6 (1) (f) DSGVO.<\/p>\n<p>Se puede encontrar m\u00e1s informaci\u00f3n sobre el manejo de datos de usuario en la declaraci\u00f3n de protecci\u00f3n de datos de YouTube en https:\/\/www.google.de\/intl\/de\/policies\/privacy.<\/p>\n<p><strong>Vimeo<\/strong><\/p>\n<p>Nuestro sitio web utiliza las caracter\u00edsticas proporcionadas por el portal de video Vimeo. Este servicio es provisto por Vimeo Inc., 555 West 18th Street, Nueva York, Nueva York 10011, EE. UU.<\/p>\n<p>Si visita una de nuestras p\u00e1ginas con un complemento de Vimeo, se establece una conexi\u00f3n con los servidores de Vimeo. Aqu\u00ed el servidor de Vimeo est\u00e1 informado sobre cu\u00e1les de nuestras p\u00e1ginas ha visitado. Adem\u00e1s, Vimeo recibir\u00e1 su direcci\u00f3n IP. Esto tambi\u00e9n se aplica si no ha iniciado sesi\u00f3n en Vimeo cuando visita nuestro complemento o no tiene una cuenta de Vimeo. La informaci\u00f3n se transmite a un servidor Vimeo en los EE. UU., Donde se almacena.<\/p>\n<p>Si ha iniciado sesi\u00f3n en su cuenta de Vimeo, Vimeo le permite asociar su comportamiento de navegaci\u00f3n directamente con su perfil personal. Puede evitar esto cerrando la sesi\u00f3n de su cuenta de Vimeo.<\/p>\n<p>Para obtener m\u00e1s informaci\u00f3n sobre c\u00f3mo manejar los datos del usuario, consulte la Pol\u00edtica de privacidad de Vimeo en https:\/\/vimeo.com\/privacy.<\/p>\n<p><strong>Google Web Fonts<\/strong><\/p>\n<p>Para una representaci\u00f3n uniforme de las fuentes, esta p\u00e1gina utiliza fuentes web proporcionadas por Google. Cuando abre una p\u00e1gina, su navegador carga las fuentes web requeridas en la cach\u00e9 de su navegador para mostrar correctamente los textos y las fuentes.<\/p>\n<p>Para este fin, su navegador debe establecer una conexi\u00f3n directa con los servidores de Google. Por lo tanto, Google se da cuenta de que nuestra p\u00e1gina web se accedi\u00f3 a trav\u00e9s de su direcci\u00f3n IP. El uso de Google Web Fonts se realiza con el inter\u00e9s de una presentaci\u00f3n uniforme y atractiva de nuestro plugin. Esto constituye un inter\u00e9s justificado de conformidad con el art. 6 (1) (f) DSGVO.<\/p>\n<p>Si su navegador no admite fuentes web, su computadora utiliza una fuente est\u00e1ndar.<\/p>\n<p>Se puede encontrar m\u00e1s informaci\u00f3n sobre el manejo de los datos del usuario en https:\/\/developers.google.com\/fonts\/faq y en la pol\u00edtica de privacidad de Google en https:\/\/www.google.com\/policies\/privacy\/.<\/p>\n<h4>Secreto y seguridad de los datos<\/h4>\n<p>experiencesmenorca.es se compromete en el uso y tratamiento de los datos incluidos personales de los usuarios, respetando su confidencialidad y a utilizarlos de acuerdo con la finalidad del mismo, as\u00ed como a dar cumplimiento a su obligaci\u00f3n de guardarlos y adaptar todas las medidas para evitar la alteraci\u00f3n, p\u00e9rdida, tratamiento o acceso no autorizado, de conformidad con lo establecido en la normativa vigente de protecci\u00f3n de datos.<\/p>\n<p>Con respecto a la confidencialidad del procesamiento EXPERIENCES MENORCA se asegurar\u00e1 de que cualquier persona que est\u00e9 autorizada por EXPERIENCES MENORCA para procesar los datos del cliente (incluido su personal, colaboradores y prestadores), estar\u00e1 bajo la obligaci\u00f3n apropiada de confidencialidad (ya sea un deber contractual o legal).<\/p>\n<p>Cuando se presente alg\u00fan incidente de seguridad, al darse cuenta EXPERIENCES MENORCA, te notificaremos sin demoras indebidas y te proporcionaremos informaci\u00f3n oportuna relacionada con el Incidente de Seguridad tal como se conozca o cuando nos lo solicites razonablemente.<\/p>","protected":false},"excerpt":{"rendered":"<p>POLITICA DE PRIVACIDAD \/\u00a0PRIVACY POLICY En esta pol\u00edtica de privacidad establece la forma en que se van a gestionar los datos personales en esta web. Es imprescindible que la leas y aceptes antes de seguir navegando. http:\/\/experiencesmenorca.es es un proyecto de Cristina Trujillano Pons (en adelante EXPERIENCES MENORCA), cuyo NIF es: 41506807H. Entre los valores con los que nos identificamos est\u00e1 la transparencia, por eso deseamos que conozcas desde el inicio, que la privacidad de tus datos muy es importante para nosotros. En esta declaraci\u00f3n de privacidad se explica qu\u00e9 datos personales recopilamos de nuestros usuarios y c\u00f3mo los utilizamos. Te invitamos a leer detenidamente estos t\u00e9rminos antes de facilitar&hellip;<\/p>\n","protected":false},"author":1,"featured_media":0,"parent":0,"menu_order":0,"comment_status":"closed","ping_status":"closed","template":"","meta":{"footnotes":""},"class_list":["post-325","page","type-page","status-publish","hentry","description-off"],"_links":{"self":[{"href":"https:\/\/experiencesmenorca.com\/en\/wp-json\/wp\/v2\/pages\/325","targetHints":{"allow":["GET"]}}],"collection":[{"href":"https:\/\/experiencesmenorca.com\/en\/wp-json\/wp\/v2\/pages"}],"about":[{"href":"https:\/\/experiencesmenorca.com\/en\/wp-json\/wp\/v2\/types\/page"}],"author":[{"embeddable":true,"href":"https:\/\/experiencesmenorca.com\/en\/wp-json\/wp\/v2\/users\/1"}],"replies":[{"embeddable":true,"href":"https:\/\/experiencesmenorca.com\/en\/wp-json\/wp\/v2\/comments?post=325"}],"version-history":[{"count":32,"href":"https:\/\/experiencesmenorca.com\/en\/wp-json\/wp\/v2\/pages\/325\/revisions"}],"predecessor-version":[{"id":1340,"href":"https:\/\/experiencesmenorca.com\/en\/wp-json\/wp\/v2\/pages\/325\/revisions\/1340"}],"wp:attachment":[{"href":"https:\/\/experiencesmenorca.com\/en\/wp-json\/wp\/v2\/media?parent=325"}],"curies":[{"name":"wp","href":"https:\/\/api.w.org\/{rel}","templated":true}]}}