{"id":437,"date":"2019-11-30T19:46:34","date_gmt":"2019-11-30T18:46:34","guid":{"rendered":"http:\/\/experiencesmenorca.com\/?page_id=437"},"modified":"2025-07-07T12:28:04","modified_gmt":"2025-07-07T10:28:04","slug":"inicio","status":"publish","type":"page","link":"https:\/\/experiencesmenorca.com\/fr\/","title":{"rendered":"Inicio"},"content":{"rendered":"<div class=\"wpb-content-wrapper\"><p>[vc_row full_width=\u00a0\u00bbstretch_row_content_no_spaces\u00a0\u00bb full_height=\u00a0\u00bbyes\u00a0\u00bb columns_placement=\u00a0\u00bbstretch\u00a0\u00bb content_placement=\u00a0\u00bbmiddle\u00a0\u00bb][vc_column parallax=\u00a0\u00bbcontent-moving\u00a0\u00bb css=\u00a0\u00bb.vc_custom_1751883829450{background-image: url(https:\/\/experiencesmenorca.com\/wp-content\/uploads\/2025\/05\/WhatsApp-Image-2025-05-02-at-10.51.23-scaled-e1746175994349.jpeg?id=1358) !important;}\u00a0\u00bb][vc_empty_space height=\u00a0\u00bb50px\u00a0\u00bb][vc_custom_heading text=\u00a0\u00bbMENORCA<br \/>\nEXCLUSIVA Y A MEDIDA\u00a0\u00bb font_container=\u00a0\u00bbtag:h1|font_size:54PX|text_align:center|color:%23ffffff\u00a0\u00bb google_fonts=\u00a0\u00bbfont_family:Ubuntu%3A300%2C300italic%2Cregular%2Citalic%2C500%2C500italic%2C700%2C700italic|font_style:300%20light%20regular%3A300%3Anormal\u00a0\u00bb css=\u00a0\u00bb.vc_custom_1749492689235{margin-right: 15% !important;margin-left: 15% !important;}\u00a0\u00bb][vc_empty_space height=\u00a0\u00bb50px\u00a0\u00bb][\/vc_column][\/vc_row][vc_row bg_type=\u00a0\u00bbbg_color\u00a0\u00bb bg_override=\u00a0\u00bbfull\u00a0\u00bb css=\u00a0\u00bb.vc_custom_1749479323975{margin-right: 15% !important;margin-left: 15% !important;}\u00a0\u00bb][vc_column][vc_column_text]<\/p>\n<h4 style=\"color: #ffffff; text-align: center;\"><em><span style=\"color: #53544c;\">EXPERIENCES es sin\u00f3nimo de descubrir una Menorca a medida en toda su diversidad, riqueza y matices. Dise\u00f1amos y ofrecemos las mejores experiencias en la isla con un <\/span><\/em><span style=\"color: #53544c;\"><em>servicio exclusivo y personalizado.<\/em><br \/>\n<\/span><\/h4>\n<p>&nbsp;<\/p>\n<h5 style=\"text-align: center;\"><span style=\"color: #9a8f37;\">DESCUBRE M\u00c1S<\/span><\/h5>\n<p>[\/vc_column_text][\/vc_column][\/vc_row][vc_row][vc_column][vc_row_inner][vc_column_inner width=\u00a0\u00bb1\/3&Prime;][vc_single_image image=\u00a0\u00bb609&Prime; img_size=\u00a0\u00bbfull\u00a0\u00bb][\/vc_column_inner][vc_column_inner width=\u00a0\u00bb1\/3&Prime;][vc_single_image image=\u00a0\u00bb697&Prime; img_size=\u00a0\u00bbfull\u00a0\u00bb][\/vc_column_inner][vc_column_inner width=\u00a0\u00bb1\/3&Prime;][vc_single_image image=\u00a0\u00bb280&Prime; img_size=\u00a0\u00bbfull\u00a0\u00bb][\/vc_column_inner][\/vc_row_inner][vc_empty_space height=\u00a0\u00bb50px\u00a0\u00bb][vc_column_text]<\/p>\n<h2 style=\"text-align: center;\"><span style=\"color: #9a8f37;\">EXPERIENCES<br \/>\n<\/span><\/h2>\n<p style=\"text-align: center;\"><span style=\"color: #9a8f37;\">____<\/span><\/p>\n<h4 style=\"text-align: center;\"><span style=\"color: #53544c;\"><em>Tu estancia en Menorca a medida, \u00fanica e inolvidable<\/em><\/span><\/h4>\n<p>[\/vc_column_text][vc_empty_space][vc_row_inner][vc_column_inner width=\u00a0\u00bb1\/3&Prime;][vc_single_image image=\u00a0\u00bb285&Prime; img_size=\u00a0\u00bblarge\u00a0\u00bb alignment=\u00a0\u00bbcenter\u00a0\u00bb][vc_column_text]<\/p>\n<h4 class=\"section-tagline\" style=\"text-align: center;\"><strong><span id=\"Titulo1\"><span style=\"color: #53544c;\">EXPERIENCES PRIVADAS<\/span><br \/>\n<\/span><\/strong><\/h4>\n<p>[\/vc_column_text][vc_column_text]<\/p>\n<p style=\"text-align: center;\"><span style=\"color: #53544c;\"><em>Propuesta a medida<\/em><\/span><\/p>\n<p style=\"text-align: center;\"><span style=\"color: #53544c;\"><em>Dise\u00f1o de experiencias, actividades, rutas<\/em><\/span><\/p>\n<p>[\/vc_column_text][\/vc_column_inner][vc_column_inner width=\u00a0\u00bb1\/3&Prime;][vc_single_image image=\u00a0\u00bb268&Prime; img_size=\u00a0\u00bblarge\u00a0\u00bb alignment=\u00a0\u00bbcenter\u00a0\u00bb][vc_column_text]<\/p>\n<h4 class=\"section-tagline\" style=\"text-align: center;\"><span style=\"color: #53544c;\"><strong><span id=\"Titulo1\">CONSIERGE<\/span><\/strong><\/span><\/h4>\n<p>[\/vc_column_text][vc_column_text]<\/p>\n<p style=\"text-align: center;\"><span style=\"color: #53544c;\"><em>Reservas en restaurantes, spas, catering, desplazamientos &#8230;<\/em><\/span><\/p>\n<p style=\"text-align: center;\"><span style=\"color: #53544c;\"><em>Recomendaciones seg\u00fan gustos y necesidades<\/em><\/span><\/p>\n<p style=\"text-align: center;\"><span style=\"color: #53544c;\"><em>Sugerencias de alojamiento<\/em><\/span><\/p>\n<p style=\"text-align: center;\"><span style=\"color: #53544c;\"><em>Catering y chef privado a domicilio<\/em><\/span><\/p>\n<p style=\"text-align: center;\"><span style=\"color: #53544c;\"><em>Asesoramiento durante la estancia (whatsapp)<\/em><\/span><\/p>\n<p>[\/vc_column_text][\/vc_column_inner][vc_column_inner width=\u00a0\u00bb1\/3&Prime;][vc_single_image image=\u00a0\u00bb707&Prime; img_size=\u00a0\u00bbfull\u00a0\u00bb alignment=\u00a0\u00bbcenter\u00a0\u00bb][vc_column_text]<\/p>\n<h4 class=\"section-tagline\" style=\"text-align: center;\"><span style=\"color: #53544c;\"><strong><span id=\"Titulo1\">EXPERIENCES EMPRESAS<br \/>\n<\/span><\/strong><\/span><\/h4>\n<p>[\/vc_column_text][vc_column_text]<\/p>\n<p style=\"text-align: center;\"><span style=\"color: #53544c;\"><em>Propuesta a medida<\/em><\/span><\/p>\n<p style=\"text-align: center;\"><span style=\"color: #53544c;\"><em>Dise\u00f1o de experiencias, actividades, rutas<\/em><\/span><\/p>\n<p>[\/vc_column_text][\/vc_column_inner][\/vc_row_inner][vc_empty_space][vc_row_inner][vc_column_inner width=\u00a0\u00bb1\/4&Prime;][vc_single_image image=\u00a0\u00bb283&Prime; img_size=\u00a0\u00bblarge\u00a0\u00bb alignment=\u00a0\u00bbcenter\u00a0\u00bb][\/vc_column_inner][vc_column_inner width=\u00a0\u00bb1\/4&Prime;][vc_single_image image=\u00a0\u00bb697&Prime; img_size=\u00a0\u00bblarge\u00a0\u00bb alignment=\u00a0\u00bbcenter\u00a0\u00bb][\/vc_column_inner][vc_column_inner width=\u00a0\u00bb1\/4&Prime;][vc_single_image image=\u00a0\u00bb595&Prime; img_size=\u00a0\u00bbfull\u00a0\u00bb alignment=\u00a0\u00bbcenter\u00a0\u00bb][\/vc_column_inner][vc_column_inner width=\u00a0\u00bb1\/4&Prime;][vc_single_image image=\u00a0\u00bb697&Prime; img_size=\u00a0\u00bblarge\u00a0\u00bb alignment=\u00a0\u00bbcenter\u00a0\u00bb][\/vc_column_inner][\/vc_row_inner][vc_separator color=\u00a0\u00bbcustom\u00a0\u00bb accent_color=\u00a0\u00bb#9a8f37&Prime;][vc_row_inner][vc_column_inner width=\u00a0\u00bb1\/4&Prime;][vc_single_image image=\u00a0\u00bb283&Prime; img_size=\u00a0\u00bblarge\u00a0\u00bb alignment=\u00a0\u00bbcenter\u00a0\u00bb][\/vc_column_inner][vc_column_inner width=\u00a0\u00bb1\/4&Prime;][vc_single_image image=\u00a0\u00bb697&Prime; img_size=\u00a0\u00bblarge\u00a0\u00bb alignment=\u00a0\u00bbcenter\u00a0\u00bb][\/vc_column_inner][vc_column_inner width=\u00a0\u00bb1\/4&Prime;][vc_single_image image=\u00a0\u00bb595&Prime; img_size=\u00a0\u00bbfull\u00a0\u00bb alignment=\u00a0\u00bbcenter\u00a0\u00bb][\/vc_column_inner][vc_column_inner width=\u00a0\u00bb1\/4&Prime;][vc_single_image image=\u00a0\u00bb697&Prime; img_size=\u00a0\u00bblarge\u00a0\u00bb alignment=\u00a0\u00bbcenter\u00a0\u00bb][\/vc_column_inner][\/vc_row_inner][\/vc_column][\/vc_row][vc_row bg_type=\u00a0\u00bbbg_color\u00a0\u00bb bg_override=\u00a0\u00bbfull\u00a0\u00bb bg_color_value=\u00a0\u00bb#ffffff\u00a0\u00bb el_id=\u00a0\u00bbsomos\u00a0\u00bb][vc_column][vc_column_text css=\u00a0\u00bb.vc_custom_1749495296830{margin-right: 15% !important;margin-left: 15% !important;}\u00a0\u00bb]<\/p>\n<h2 style=\"text-align: center;\"><span style=\"color: #9a8f37;\">NUESTROS VALORES<\/span><\/h2>\n<p style=\"text-align: center;\"><span style=\"color: #9a8f37;\">____<\/span><\/p>\n<p>[\/vc_column_text][vc_row_inner][vc_column_inner width=\u00a0\u00bb1\/4&Prime;][vc_single_image image=\u00a0\u00bb292&Prime; img_size=\u00a0\u00bb100X119&Prime; alignment=\u00a0\u00bbcenter\u00a0\u00bb][vc_column_text]<\/p>\n<h4 class=\"section-tagline\" style=\"text-align: center;\"><span style=\"color: #53544c;\"><strong><span id=\"Titulo1\">CALIDAD M\u00c1XIMA<\/span><\/strong><\/span><\/h4>\n<p class=\"section-tagline\" style=\"text-align: center;\"><span style=\"color: #53544c;\">Somos expertos con un conocimiento local. Dise\u00f1amos y ofrecemos las mejores experiencias con un servicio profesional y de calidad.<\/span><\/p>\n<p>[\/vc_column_text][\/vc_column_inner][vc_column_inner width=\u00a0\u00bb1\/4&Prime;][vc_single_image image=\u00a0\u00bb14&Prime; img_size=\u00a0\u00bb100X119&Prime; alignment=\u00a0\u00bbcenter\u00a0\u00bb][vc_column_text]<\/p>\n<h4 style=\"text-align: center;\"><span style=\"color: #53544c;\"><strong><span id=\"Titulo1\">EXCLUSIVIDAD<\/span><\/strong><\/span><\/h4>\n<p style=\"text-align: center;\"><span style=\"color: #53544c;\">Creamos experiencias exclusivas a las que llamamos Emociones de Autor porque est\u00e1n dise\u00f1adas \u00fanicamente para ti, con estilo propio.<br \/>\n<\/span>[\/vc_column_text][\/vc_column_inner][vc_column_inner width=\u00a0\u00bb1\/4&Prime;][vc_single_image image=\u00a0\u00bb20&Prime; img_size=\u00a0\u00bb100X119&Prime; alignment=\u00a0\u00bbcenter\u00a0\u00bb][vc_column_text]<\/p>\n<h4 style=\"text-align: center;\"><span style=\"color: #53544c;\"><strong><span id=\"Titulo1\">ATENCION PERSONALIZADA<\/span><\/strong><\/span><\/h4>\n<p style=\"text-align: center;\"><span style=\"color: #53544c;\">Tus ilusiones, tambi\u00e9n son las nuestras. Confeccionamos contigo tu estancia perfecta porque nos gustan las cosas muy bien hechas<\/span><\/p>\n<p>[\/vc_column_text][\/vc_column_inner][vc_column_inner width=\u00a0\u00bb1\/4&Prime;][vc_single_image image=\u00a0\u00bb9&Prime; alignment=\u00a0\u00bbcenter\u00a0\u00bb][vc_column_text]<\/p>\n<h4 style=\"text-align: center;\"><strong><span id=\"Titulo1\"><span style=\"color: #53544c;\">TURISMO RESPONSABLE<\/span><br \/>\n<\/span><\/strong><\/h4>\n<p style=\"text-align: center;\"><span style=\"color: #53544c;\">Siempre comprometidos con nuestro entorno, nuestras actividades respetan y ponen en valor los fabulosos recursos naturales de la isla.<\/span><\/p>\n<p>[\/vc_column_text][\/vc_column_inner][\/vc_row_inner][vc_empty_space height=\u00a0\u00bb50&Prime; el_id=\u00a0\u00bbproyecto\u00a0\u00bb][\/vc_column][\/vc_row][vc_row bg_type=\u00a0\u00bbbg_color\u00a0\u00bb bg_override=\u00a0\u00bbfull\u00a0\u00bb bg_color_value=\u00a0\u00bb#53544c\u00a0\u00bb][vc_column][vc_empty_space height=\u00a0\u00bb50&Prime;][vc_separator color=\u00a0\u00bbcustom\u00a0\u00bb el_width=\u00a0\u00bb70&Prime; accent_color=\u00a0\u00bb#9a8f37&Prime;][vc_column_text]<\/p>\n<p style=\"text-align: center;\"><span style=\"color: #ffffff;\">OUR PASSION. YOUR EXPERIENCES.<\/span><\/p>\n<p>[\/vc_column_text][vc_separator color=\u00a0\u00bbcustom\u00a0\u00bb el_width=\u00a0\u00bb70&Prime; accent_color=\u00a0\u00bb#9a8f37&Prime;][vc_empty_space height=\u00a0\u00bb50&Prime;][\/vc_column][\/vc_row][vc_row bg_type=\u00a0\u00bbimage\u00a0\u00bb bg_override=\u00a0\u00bbfull\u00a0\u00bb][vc_column css=\u00a0\u00bb.vc_custom_1575534288730{margin-top: 50px !important;margin-bottom: 50px !important;background-position: center !important;background-repeat: no-repeat !important;background-size: contain !important;}\u00a0\u00bb][vc_column_text css=\u00a0\u00bb.vc_custom_1751884082394{margin-right: 15% !important;margin-bottom: -5px !important;margin-left: 15% !important;padding-top: 20px !important;padding-right: 20px !important;padding-bottom: 20px !important;padding-left: 20px !important;}\u00a0\u00bb]<\/p>\n<p style=\"text-align: center;\"><span style=\"color: #5f5e56;\"><em>Descubre MENORCA a tu medida&#8230; <\/em><\/span><\/p>\n<p style=\"text-align: center;\"><span style=\"color: #ffffff;\"><em><span style=\"color: #5f5e56;\">Nos ocupamos de Todo <\/span><\/em><\/span><span style=\"color: #ffffff;\"><em><span style=\"color: #5f5e56;\">para que desconectes al m\u00e1ximo<\/span>.<\/em><\/span><\/p>\n<p style=\"text-align: center;\"><span style=\"color: #9a8f37;\">____<\/span><\/p>\n<h4 class=\"callout-title\" style=\"text-align: center;\"><a href=\"https:\/\/experiencesmenorca.com\/en\/contacta\/\"><span style=\"color: #9a8f37;\">CONTACTO<\/span><\/a><\/h4>\n<p>[\/vc_column_text][\/vc_column][\/vc_row][vc_row][vc_column][vc_column_text][\/vc_column_text][\/vc_column][\/vc_row][vc_row][vc_column][vc_column_text][\/vc_column_text][\/vc_column][\/vc_row]<\/p>\n<\/div>","protected":false},"excerpt":{"rendered":"<p>[vc_row full_width=\u00a0\u00bbstretch_row_content_no_spaces\u00a0\u00bb full_height=\u00a0\u00bbyes\u00a0\u00bb columns_placement=\u00a0\u00bbstretch\u00a0\u00bb content_placement=\u00a0\u00bbmiddle\u00a0\u00bb][vc_column parallax=\u00a0\u00bbcontent-moving\u00a0\u00bb css=\u00a0\u00bb.vc_custom_1751883829450{background-image: url(https:\/\/experiencesmenorca.com\/wp-content\/uploads\/2025\/05\/WhatsApp-Image-2025-05-02-at-10.51.23-scaled-e1746175994349.jpeg?id=1358) !important;}\u00a0\u00bb][vc_empty_space height=\u00a0\u00bb50px\u00a0\u00bb][vc_custom_heading text=\u00a0\u00bbMENORCA EXCLUSIVA Y A MEDIDA\u00a0\u00bb font_container=\u00a0\u00bbtag:h1|font_size:54PX|text_align:center|color:%23ffffff\u00a0\u00bb google_fonts=\u00a0\u00bbfont_family:Ubuntu%3A300%2C300italic%2Cregular%2Citalic%2C500%2C500italic%2C700%2C700italic|font_style:300%20light%20regular%3A300%3Anormal\u00a0\u00bb css=\u00a0\u00bb.vc_custom_1749492689235{margin-right: 15% !important;margin-left: 15% !important;}\u00a0\u00bb][vc_empty_space height=\u00a0\u00bb50px\u00a0\u00bb][\/vc_column][\/vc_row][vc_row bg_type=\u00a0\u00bbbg_color\u00a0\u00bb bg_override=\u00a0\u00bbfull\u00a0\u00bb css=\u00a0\u00bb.vc_custom_1749479323975{margin-right: 15% !important;margin-left: 15% !important;}\u00a0\u00bb][vc_column][vc_column_text] EXPERIENCES es sin\u00f3nimo de descubrir una Menorca a medida en toda su diversidad, riqueza y matices. Dise\u00f1amos y ofrecemos las mejores experiencias en la isla con un servicio exclusivo y personalizado. &nbsp; DESCUBRE M\u00c1S [\/vc_column_text][\/vc_column][\/vc_row][vc_row][vc_column][vc_row_inner][vc_column_inner width=\u00a0\u00bb1\/3&Prime;][vc_single_image image=\u00a0\u00bb609&Prime; img_size=\u00a0\u00bbfull\u00a0\u00bb][\/vc_column_inner][vc_column_inner width=\u00a0\u00bb1\/3&Prime;][vc_single_image image=\u00a0\u00bb697&Prime; img_size=\u00a0\u00bbfull\u00a0\u00bb][\/vc_column_inner][vc_column_inner width=\u00a0\u00bb1\/3&Prime;][vc_single_image image=\u00a0\u00bb280&Prime; img_size=\u00a0\u00bbfull\u00a0\u00bb][\/vc_column_inner][\/vc_row_inner][vc_empty_space height=\u00a0\u00bb50px\u00a0\u00bb][vc_column_text] EXPERIENCES ____ Tu estancia en Menorca a medida, \u00fanica e inolvidable [\/vc_column_text][vc_empty_space][vc_row_inner][vc_column_inner width=\u00a0\u00bb1\/3&Prime;][vc_single_image image=\u00a0\u00bb285&Prime; img_size=\u00a0\u00bblarge\u00a0\u00bb alignment=\u00a0\u00bbcenter\u00a0\u00bb][vc_column_text] EXPERIENCES PRIVADAS [\/vc_column_text][vc_column_text] Propuesta a medida Dise\u00f1o de experiencias, actividades, rutas [\/vc_column_text][\/vc_column_inner][vc_column_inner width=\u00a0\u00bb1\/3&Prime;][vc_single_image image=\u00a0\u00bb268&Prime; img_size=\u00a0\u00bblarge\u00a0\u00bb alignment=\u00a0\u00bbcenter\u00a0\u00bb][vc_column_text] CONSIERGE [\/vc_column_text][vc_column_text] Reservas&hellip;<\/p>\n","protected":false},"author":1,"featured_media":0,"parent":0,"menu_order":0,"comment_status":"closed","ping_status":"closed","template":"","meta":{"footnotes":""},"class_list":["post-437","page","type-page","status-publish","hentry","description-off"],"_links":{"self":[{"href":"https:\/\/experiencesmenorca.com\/fr\/wp-json\/wp\/v2\/pages\/437","targetHints":{"allow":["GET"]}}],"collection":[{"href":"https:\/\/experiencesmenorca.com\/fr\/wp-json\/wp\/v2\/pages"}],"about":[{"href":"https:\/\/experiencesmenorca.com\/fr\/wp-json\/wp\/v2\/types\/page"}],"author":[{"embeddable":true,"href":"https:\/\/experiencesmenorca.com\/fr\/wp-json\/wp\/v2\/users\/1"}],"replies":[{"embeddable":true,"href":"https:\/\/experiencesmenorca.com\/fr\/wp-json\/wp\/v2\/comments?post=437"}],"version-history":[{"count":763,"href":"https:\/\/experiencesmenorca.com\/fr\/wp-json\/wp\/v2\/pages\/437\/revisions"}],"predecessor-version":[{"id":1509,"href":"https:\/\/experiencesmenorca.com\/fr\/wp-json\/wp\/v2\/pages\/437\/revisions\/1509"}],"wp:attachment":[{"href":"https:\/\/experiencesmenorca.com\/fr\/wp-json\/wp\/v2\/media?parent=437"}],"curies":[{"name":"wp","href":"https:\/\/api.w.org\/{rel}","templated":true}]}}